{"id":797,"date":"2019-02-04T10:20:36","date_gmt":"2019-02-04T12:20:36","guid":{"rendered":"http:\/\/teleducwp.test\/?page_id=797"},"modified":"2019-02-06T14:24:26","modified_gmt":"2019-02-06T16:24:26","slug":"faq","status":"publish","type":"page","link":"https:\/\/wpress-nied.nics.unicamp.br\/teleduc\/faq\/","title":{"rendered":"FAQ"},"content":{"rendered":"<p><b>Administra\u00e7\u00e3o do ambiente<\/b><\/p>\n<table class=\"table table table-borderless\">\n<tbody>\n<tr class=\"odd views-row-first\">\n<td class=\"views-field views-field-title\"><a href=\"https:\/\/wpress-nied.nics.unicamp.br\/teleduc\/faq\/como-altero-data-final-do-curso\/\">Como altero a data final do curso?<\/a><\/td>\n<\/tr>\n<tr>\n<td class=\"views-field views-field-title\"><a href=\"https:\/\/wpress-nied.nics.unicamp.br\/teleduc\/faq\/como-criar-uma-ferramenta-nova-no-teleduc\/\">Como criar uma ferramenta nova no TelEduc?<\/a><\/td>\n<\/tr>\n<tr>\n<td class=\"views-field views-field-title\"><a href=\"https:\/\/wpress-nied.nics.unicamp.br\/teleduc\/faq\/criei-um-curso-mas-quando-entro-em-insercao-de-curso-nao-ha-nenhum-curso-disponivel-o-que\/\">Criei um curso mas quando entro em &#8216;Inser\u00e7\u00e3o de Curso&#8217; n\u00e3o h\u00e1 nenhum curso dispon\u00edvel. O que fa\u00e7o?<\/a><\/td>\n<\/tr>\n<tr>\n<td class=\"views-field views-field-title\"><a href=\"https:\/\/wpress-nied.nics.unicamp.br\/teleduc\/faq\/esqueci-minha-senha-de-acesso-ao-curso-em-que-estou-inscritoa-o-que-devo-fazer-para-recupera\/\">Esqueci minha senha de acesso ao curso em que estou inscrito(a). O que devo fazer para recuper\u00e1-la?<\/a><\/td>\n<\/tr>\n<tr>\n<td class=\"views-field views-field-title\"><a href=\"https:\/\/wpress-nied.nics.unicamp.br\/teleduc\/faq\/sou-aluno-e-ja-fiz-o-meu-cadastrado-no-teleduc-porem-nao-recebi-senha-por-que\/\">Sou aluno e j\u00e1 fiz o meu cadastrado no Teleduc por\u00e9m n\u00e3o recebi a senha. Por que?<\/a><\/td>\n<\/tr>\n<\/tbody>\n<\/table>\n<p><b>Participa\u00e7\u00e3o em curso<\/b><\/p>\n<table class=\"table table-borderless\">\n<tbody>\n<tr>\n<td class=\"views-field views-field-title\"><a href=\"https:\/\/wpress-nied.nics.unicamp.br\/teleduc\/faq\/como-faco-para-abrir-um-curso-no-servidor-do-nied\/\">Como fa\u00e7o para abrir um curso no servidor do NIED?<\/a><\/td>\n<\/tr>\n<tr>\n<td class=\"views-field views-field-title\"><a href=\"\/faq\/como-fa%C3%A7o-para-criar-um-curso\">Como fa\u00e7o para criar um curso?<\/a><\/td>\n<\/tr>\n<tr>\n<td class=\"views-field views-field-title\"><a href=\"https:\/\/wpress-nied.nics.unicamp.br\/teleduc\/faq\/estou-com-problemas-para-acessar-meu-curso-da-graduacao-da-unicamp-com-quem-posso-falar\/\">Estou com problemas para acessar meu curso da gradua\u00e7\u00e3o da UNICAMP. Com quem posso falar?<\/a><\/td>\n<\/tr>\n<tr>\n<td class=\"views-field views-field-title\"><a href=\"https:\/\/wpress-nied.nics.unicamp.br\/teleduc\/faq\/gostaria-de-frequentar-um-curso-no-teleduc-como-devo-proceder\/\">Gostaria de frequentar um curso no TelEduc. Como devo proceder?<\/a><\/td>\n<\/tr>\n<tr>\n<td class=\"views-field views-field-title\"><a href=\"https:\/\/wpress-nied.nics.unicamp.br\/teleduc\/faq\/134\/\">Gostaria de usar o TelEduc para ministrar cursos em minha institui\u00e7\u00e3o. H\u00e1 necessidade de adquirir uma licen\u00e7a? O software \u00e9 pago?<\/a><\/td>\n<\/tr>\n<tr>\n<td class=\"views-field views-field-title\"><a href=\"https:\/\/wpress-nied.nics.unicamp.br\/teleduc\/faq\/o-que-e-o-teleduc-para-que-ele-serve\/\">O que \u00e9 o TelEduc? Para que ele serve?<\/a><\/td>\n<\/tr>\n<\/tbody>\n<\/table>\n<p><b>Configura\u00e7\u00e3o do ambiente<\/b><\/p>\n<table class=\"table table-borderless\">\n<tbody>\n<tr>\n<td class=\"views-field views-field-title\"><a href=\"https:\/\/wpress-nied.nics.unicamp.br\/teleduc\/faq\/como-permitir-anexar-arquivos-com-acentos\/\">Como permitir anexar arquivos com acentos?<\/a><\/td>\n<\/tr>\n<tr>\n<td class=\"views-field views-field-title\"><a href=\"https:\/\/wpress-nied.nics.unicamp.br\/teleduc\/faq\/como-permitir-o-upload-de-arquivos-maiores\/\">Como permitir o upload de arquivos maiores?<\/a><\/td>\n<\/tr>\n<tr class=\"odd views-row-last\">\n<td class=\"views-field views-field-title\"><a href=\"https:\/\/wpress-nied.nics.unicamp.br\/teleduc\/faq\/como-resolver-o-problema-de-permissao-de-arquivos\/\">Como resolver o problema de permiss\u00e3o de arquivos?<\/a><\/td>\n<\/tr>\n<tr>\n<td class=\"views-field views-field-title\"><a href=\"https:\/\/wpress-nied.nics.unicamp.br\/teleduc\/faq\/o-servidor-teleduc-parou-de-enviar-e-mails-como-resolver-o-problema\/\">O servidor TelEduc parou de enviar e-mails. Como resolver o problema?<\/a><\/td>\n<\/tr>\n<tr>\n<td class=\"views-field views-field-title\"><a href=\"https:\/\/wpress-nied.nics.unicamp.br\/teleduc\/faq\/preciso-fazer-um-backup-do-teleduc-que-diretorios-devo-copiar\/\">Preciso fazer um backup do TelEduc. Que diret\u00f3rios devo copiar?<\/a><\/td>\n<\/tr>\n<tr>\n<td class=\"views-field views-field-title\"><a href=\"https:\/\/wpress-nied.nics.unicamp.br\/teleduc\/faq\/preciso-migrar-o-curso-para-um-outro-servidor-qual-procedimento-seguir-para-fazer-essa-copia\/\">Preciso migrar o curso para um outro servidor. Qual procedimento seguir para fazer essa c\u00f3pia?<\/a><\/td>\n<\/tr>\n<\/tbody>\n<\/table>\n","protected":false},"excerpt":{"rendered":"<p>Administra\u00e7\u00e3o do ambiente Como altero a data final do curso? Como criar uma ferramenta nova no TelEduc? Criei um curso mas quando entro em &#8216;Inser\u00e7\u00e3o de Curso&#8217; n\u00e3o h\u00e1 nenhum curso dispon\u00edvel. O que fa\u00e7o? Esqueci minha senha de acesso ao curso em que estou inscrito(a). O que devo fazer para recuper\u00e1-la? Sou aluno e &hellip; <a href=\"https:\/\/wpress-nied.nics.unicamp.br\/teleduc\/faq\/\" class=\"more-link\">Continue lendo<span class=\"screen-reader-text\"> &#8220;FAQ&#8221;<\/span><\/a><\/p>\n","protected":false},"author":1,"featured_media":0,"parent":0,"menu_order":0,"comment_status":"closed","ping_status":"closed","template":"","meta":{"_acf_changed":false,"footnotes":""},"class_list":["post-797","page","type-page","status-publish","hentry"],"acf":[],"_links":{"self":[{"href":"https:\/\/wpress-nied.nics.unicamp.br\/teleduc\/wp-json\/wp\/v2\/pages\/797","targetHints":{"allow":["GET"]}}],"collection":[{"href":"https:\/\/wpress-nied.nics.unicamp.br\/teleduc\/wp-json\/wp\/v2\/pages"}],"about":[{"href":"https:\/\/wpress-nied.nics.unicamp.br\/teleduc\/wp-json\/wp\/v2\/types\/page"}],"author":[{"embeddable":true,"href":"https:\/\/wpress-nied.nics.unicamp.br\/teleduc\/wp-json\/wp\/v2\/users\/1"}],"replies":[{"embeddable":true,"href":"https:\/\/wpress-nied.nics.unicamp.br\/teleduc\/wp-json\/wp\/v2\/comments?post=797"}],"version-history":[{"count":3,"href":"https:\/\/wpress-nied.nics.unicamp.br\/teleduc\/wp-json\/wp\/v2\/pages\/797\/revisions"}],"predecessor-version":[{"id":884,"href":"https:\/\/wpress-nied.nics.unicamp.br\/teleduc\/wp-json\/wp\/v2\/pages\/797\/revisions\/884"}],"wp:attachment":[{"href":"https:\/\/wpress-nied.nics.unicamp.br\/teleduc\/wp-json\/wp\/v2\/media?parent=797"}],"curies":[{"name":"wp","href":"https:\/\/api.w.org\/{rel}","templated":true}]}}