{"id":179,"date":"2014-03-24T15:15:02","date_gmt":"2014-03-24T15:15:02","guid":{"rendered":"https:\/\/wpress-nied.nics.unicamp.br\/teleduc\/historico\/"},"modified":"2019-02-25T13:32:12","modified_gmt":"2019-02-25T16:32:12","slug":"historico","status":"publish","type":"page","link":"https:\/\/wpress-nied.nics.unicamp.br\/teleduc\/historico\/","title":{"rendered":"Hist\u00f3rico"},"content":{"rendered":"<p>O desenvolvimento do TelEduc teve in\u00edcio em 1997 com a disserta\u00e7\u00e3o de mestrado de Alessandra de Dutra e\u00a0Cerceau, intitulada Forma\u00e7\u00e3o \u00e0 Dist\u00e2ncia de Recursos Humanos para Inform\u00e1tica Educativa, orientada pela Profa Dra Helo\u00edsa Vieira da Rocha (IC e NIED\/UNICAMP), coordenadora geral do Projeto at\u00e9 2012. Desde ent\u00e3o, o Projeto vem sendo desenvolvido no N\u00facleo de Inform\u00e1tica Aplicada \u00e0 Educa\u00e7\u00e3o (NIED) da Universidade Estadual de Campinas (UNICAMP) visando implementar ajustes e novas funcionalidades para otimizar o ambiente.<\/p>\n<p>A constru\u00e7\u00e3o do TelEduc se d\u00e1 de forma participativa: o conjunto de funcionalidades dispon\u00edvel em cada vers\u00e3o \u00e9 implementado de acordo com as necessidades tecnol\u00f3gicas e metodol\u00f3gicas relatadas pelos seus usu\u00e1rios. Assim, diversidade de p\u00fablico e de contextos de uso t\u00eam sido fatores relevantes para o seu desenvolvimento.<\/p>\n<p>Outro fator considerado importante para o Projeto \u00e9 assegurar a facilidade de uso do ambiente, isto \u00e9, disponibilizar ferramentas cujo manuseio n\u00e3o interfira na tarefa que o usu\u00e1rio deseja realizar por seu interm\u00e9dio. Essa facilidade contribui para a flexibilidade de uso do ambiente em v\u00e1rios contextos formais e n\u00e3o formais de ensino e aprendizagem. Por essa raz\u00e3o, consideramos <em>metodologia <\/em>e <em>tecnologia <\/em>um par indissoci\u00e1vel quando se trata de EaD, por isso desenvolvermos um ambiente configur\u00e1vel pelos usu\u00e1rios, possibilitando a escolha de suas ferramentas em fun\u00e7\u00e3o das especificidades do contexto de utiliza\u00e7\u00e3o e de seus objetivos.<\/p>\n<p>Gra\u00e7as \u00e0 utiliza\u00e7\u00e3o intensiva do TelEduc desde 1998, aliado a um trabalho cont\u00ednuo de pesquisa e de desenvolvimento, o Projeto cresceu e em fevereiro de 2001 foi lan\u00e7ada a sua primeira vers\u00e3o como software livre, fato in\u00e9dito tanto no cen\u00e1rio nacional de software para EaD quanto no de software livre nacional para a Educa\u00e7\u00e3o. V\u00e1rias institui\u00e7\u00f5es p\u00fablicas e privadas passaram a usar o TelEduc (UFRGS, USF, PUCSP, FUNDAP, Secretaria da Fazenda do Estado de S\u00e3o Paulo, Universidade de Uberaba, Marinha Brasileira, UNB, UNIFEI, entre outras).<\/p>\n<p>A ado\u00e7\u00e3o do ambiente por v\u00e1rias institui\u00e7\u00f5es com diferentes prop\u00f3sitos levou \u00e0 implementa\u00e7\u00e3o de novas ferramentas e, consequentemente, ao lan\u00e7amento, em mar\u00e7o de 2002, da vers\u00e3o 3.0, completamente reestruturada e otimizada. Essa vers\u00e3o apresenta suporte para uso em portugu\u00eas, espanhol e ingl\u00eas. Ainda no ano de 2002, o Projeto TelEduc foi premiado pela Associa\u00e7\u00e3o Brasileira de Educa\u00e7\u00e3o a Dist\u00e2ncia (ABED) na categoria Pesquisa e Desenvolvimento em EaD, obtendo o 1\u00ba lugar nacional.<\/p>\n<p>A partir de 2003 o TelEduc passou a ser usado pelo Projeto Ensino Aberto da Pr\u00f3-Reitoria de Gradua\u00e7\u00e3o da UNICAMP que tem por objetivo oferecer um ambiente computacional de apoio \u00e0s disciplinas presenciais do cat\u00e1logo de cursos da Universidade.\u00a0Tamb\u00e9m no \u00e2mbito da Universidade, o TelEduc tem sido intensivamente utilizado pela EXTECAMP &#8211;\u00a0Escola de Extens\u00e3o\u00a0da UNICAMP; sem falar nas v\u00e1rias instala\u00e7\u00f5es de servidores TelEduc nas Faculdades e Institutos para suprir necessidades pr\u00f3prias.<\/p>\n<p>Em 2009 foi lan\u00e7ada a vers\u00e3o 4.0, com interface nos padr\u00f5es da web2.0 e com caracter\u00edsticas t\u00e9cnicas que facilitam o uso da plataforma em larga escala visando atender \u00e0 crescente demanda de EaD. Desde ent\u00e3o, temos nos dedicado \u00e0 melhoria dessa vers\u00e3o.<\/p>\n<p>O TelEduc \u00e9 fruto do trabalho e da dedica\u00e7\u00e3o de uma equipe formada estagi\u00e1rios e bolsistas SAE, alunos de gradua\u00e7\u00e3o em Ci\u00eancia da Computa\u00e7\u00e3o e \u00e1reas afins.\u00a0 Ao longo desses v\u00e1rios anos de vida do Projeto tivemos a oportunidade de desenvolver o primeiro ambiente de ensino-aprendizagem para a Internet no Brasil e de formar dezenas de profissionais capacitados para atuar na \u00e1rea de desenvolvimento de tecnologia para a Educa\u00e7\u00e3o.<\/p>\n<p>No final de 2017, o TelEduc foi descontinuado no NIED, pois devido aos cortes no or\u00e7amento, o N\u00facleo n\u00e3o tem condi\u00e7\u00f5es de oferecer suporte aos usu\u00e1rios. Por ser um software livre, o TelEduc pode ser continuado e instalado por grupos que tenham interesse em retomar seu desenvolvimento. O c\u00f3digo fonte pode ser encontrado no reposit\u00f3rio\u00a0<a href=\"https:\/\/github.com\/nied-unicamp\/TelEduc\">GitHub<\/a> e a \u00faltima vers\u00e3o de instala\u00e7\u00e3o pode ser obtida <a href=\"https:\/\/wpress-nied.nics.unicamp.br\/teleduc\/wp-content\/uploads\/sites\/2\/repo\/TelEduc\/sources\/teleduc-4.4.0-2.tar.gz\">aqui<\/a>.<\/p>\n","protected":false},"excerpt":{"rendered":"<p>O desenvolvimento do TelEduc teve in\u00edcio em 1997 com a disserta\u00e7\u00e3o de mestrado de Alessandra de Dutra e\u00a0Cerceau, intitulada Forma\u00e7\u00e3o \u00e0 Dist\u00e2ncia de Recursos Humanos para Inform\u00e1tica Educativa, orientada pela Profa Dra Helo\u00edsa Vieira da Rocha (IC e NIED\/UNICAMP), coordenadora geral do Projeto at\u00e9 2012. Desde ent\u00e3o, o Projeto vem sendo desenvolvido no N\u00facleo de &hellip; <a href=\"https:\/\/wpress-nied.nics.unicamp.br\/teleduc\/historico\/\" class=\"more-link\">Continue lendo<span class=\"screen-reader-text\"> &#8220;Hist\u00f3rico&#8221;<\/span><\/a><\/p>\n","protected":false},"author":1,"featured_media":0,"parent":0,"menu_order":0,"comment_status":"open","ping_status":"open","template":"","meta":{"_acf_changed":false,"footnotes":""},"class_list":["post-179","page","type-page","status-publish","hentry"],"acf":[],"_links":{"self":[{"href":"https:\/\/wpress-nied.nics.unicamp.br\/teleduc\/wp-json\/wp\/v2\/pages\/179","targetHints":{"allow":["GET"]}}],"collection":[{"href":"https:\/\/wpress-nied.nics.unicamp.br\/teleduc\/wp-json\/wp\/v2\/pages"}],"about":[{"href":"https:\/\/wpress-nied.nics.unicamp.br\/teleduc\/wp-json\/wp\/v2\/types\/page"}],"author":[{"embeddable":true,"href":"https:\/\/wpress-nied.nics.unicamp.br\/teleduc\/wp-json\/wp\/v2\/users\/1"}],"replies":[{"embeddable":true,"href":"https:\/\/wpress-nied.nics.unicamp.br\/teleduc\/wp-json\/wp\/v2\/comments?post=179"}],"version-history":[{"count":3,"href":"https:\/\/wpress-nied.nics.unicamp.br\/teleduc\/wp-json\/wp\/v2\/pages\/179\/revisions"}],"predecessor-version":[{"id":894,"href":"https:\/\/wpress-nied.nics.unicamp.br\/teleduc\/wp-json\/wp\/v2\/pages\/179\/revisions\/894"}],"wp:attachment":[{"href":"https:\/\/wpress-nied.nics.unicamp.br\/teleduc\/wp-json\/wp\/v2\/media?parent=179"}],"curies":[{"name":"wp","href":"https:\/\/api.w.org\/{rel}","templated":true}]}}