{"id":175,"date":"2014-03-10T16:46:44","date_gmt":"2014-03-10T16:46:44","guid":{"rendered":"https:\/\/wpress-nied.nics.unicamp.br\/teleduc\/papeis-e-permissoes\/"},"modified":"2014-03-10T16:46:44","modified_gmt":"2014-03-10T16:46:44","slug":"papeis-e-permissoes","status":"publish","type":"page","link":"https:\/\/wpress-nied.nics.unicamp.br\/teleduc\/papeis-e-permissoes\/","title":{"rendered":"Pap\u00e9is e Permiss\u00f5es"},"content":{"rendered":"<p>Os participantes de um curso TelEduc podem assumir um dos seguintes pap\u00e9is: <strong>Coordenador<\/strong>, <strong>Formador<\/strong>, <strong>Aluno, Colaborador e Visitante<\/strong>.<\/p>\n<p>Os pap\u00e9is de <strong>Coordenador<\/strong> e <strong>Formador<\/strong> s\u00e3o praticamente iguais. Ambos podem gerenciar quais ferramentas ser\u00e3o utilizadas no curso, adicionar e remover participantes, alterar os pap\u00e9is dos participantes, postar materiais em todas as ferramentas e usar plenamente as ferramentas de autoria e comunica\u00e7\u00e3o. A \u00fanica diferen\u00e7a entre o Coordenador e o Formador \u00e9 que <em>apenas o Coordenador pode dar a permiss\u00e3o de Formador<\/em>.<\/p>\n<p>O papel de <strong>Aluno<\/strong> \u00e9 mais restrito. \u00c9 permitido ao Aluno postar materiais em ferramentas espec\u00edficas como o Portf\u00f3lio e usar ferramentas de comunica\u00e7\u00e3o para postar mensagens e coment\u00e1rios. O Aluno n\u00e3o pode, por exemplo, criar novos f\u00f3runs de discuss\u00e3o ou apagar mensagens e coment\u00e1rios j\u00e1 publicados, mesmo que sejam dele pr\u00f3prio.<\/p>\n<p>Os pap\u00e9is de <strong>Colaborador<\/strong> e <strong>Visitante <\/strong>s\u00e3o os antigos <strong>Convidado Ativo <\/strong>e <strong>Convidado Passivo<\/strong>, respectivamente (vers\u00f5es 3.x do TelEduc).<\/p>\n<p>O <strong>Colaborador<\/strong> \u00e9 como um &#8220;Formador Convidado&#8221;, com permiss\u00e3o para visualizar e editar\/participar de algumas ferramentas.<\/p>\n<p>O <strong>Visitante<\/strong>, como o pr\u00f3prio nome indica, tem apenas privil\u00e9gios de visualiza\u00e7\u00e3o de algumas ferramentas.<\/p>\n<p>Existe ainda o <strong>Administrador<\/strong> do ambiente, respons\u00e1vel por uma instala\u00e7\u00e3o TelEduc particular. <em>Somente o Administrador pode criar novos cursos<\/em>, alterar as permiss\u00f5es dos pap\u00e9is citados acima ou criar novos pap\u00e9is para todos os cursos do ambiente ou para cursos espec\u00edficos.<\/p>\n<p>A tabela abaixo mostra cada papel com suas respectivas permiss\u00f5es em cada ferramenta.<\/p>\n<table border=\"3\" cellspacing=\"1\" cellpadding=\"1\" align=\"center\">\n<thead>\n<tr>\n<th scope=\"row\"><\/th>\n<th scope=\"col\">\u00a0COORDENADOR<\/th>\n<th scope=\"col\">\u00a0FORMADOR<\/th>\n<th scope=\"col\">\u00a0ALUNO<\/th>\n<th scope=\"col\">\u00a0COLABORADOR<\/th>\n<th scope=\"col\">\u00a0VISITANTE<\/th>\n<\/tr>\n<\/thead>\n<tbody>\n<tr>\n<th scope=\"row\">ESTRUTURA DO AMBIENTE<\/th>\n<td style=\"text-align: center\">V<\/td>\n<td style=\"text-align: center\">V<\/td>\n<td style=\"text-align: center\">V<\/td>\n<td style=\"text-align: center\">V<\/td>\n<td style=\"text-align: center\">V<\/td>\n<\/tr>\n<tr>\n<th scope=\"row\">DIN\u00c2MICA DO CURSO<\/th>\n<td style=\"text-align: center\">E<\/td>\n<td style=\"text-align: center\">E<\/td>\n<td style=\"text-align: center\">V<\/td>\n<td style=\"text-align: center\">V<\/td>\n<td style=\"text-align: center\">V<\/td>\n<\/tr>\n<tr>\n<th scope=\"row\">AGENDA<\/th>\n<td style=\"text-align: center\">E<\/td>\n<td style=\"text-align: center\">E<\/td>\n<td style=\"text-align: center\">V<\/td>\n<td style=\"text-align: center\">V<\/td>\n<td style=\"text-align: center\">V<\/td>\n<\/tr>\n<tr>\n<th scope=\"row\">AVALIA\u00c7\u00d5ES<\/th>\n<td style=\"text-align: center\">E<\/td>\n<td style=\"text-align: center\">E<\/td>\n<td style=\"text-align: center\">V<\/td>\n<td style=\"text-align: center\">V<\/td>\n<td style=\"text-align: center\">X<\/td>\n<\/tr>\n<tr>\n<th scope=\"row\">ATIVIDADES<\/th>\n<td style=\"text-align: center\">E<\/td>\n<td style=\"text-align: center\">E<\/td>\n<td style=\"text-align: center\">V<\/td>\n<td style=\"text-align: center\">V<\/td>\n<td style=\"text-align: center\">V<\/td>\n<\/tr>\n<tr>\n<th scope=\"row\">MATERIAL DE APOIO<\/th>\n<td style=\"text-align: center\">E<\/td>\n<td style=\"text-align: center\">E<\/td>\n<td style=\"text-align: center\">V<\/td>\n<td style=\"text-align: center\">V<\/td>\n<td style=\"text-align: center\">V<\/td>\n<\/tr>\n<tr>\n<th scope=\"row\">LEITURAS<\/th>\n<td style=\"text-align: center\">E<\/td>\n<td style=\"text-align: center\">E<\/td>\n<td style=\"text-align: center\">V<\/td>\n<td style=\"text-align: center\">V<\/td>\n<td style=\"text-align: center\">V<\/td>\n<\/tr>\n<tr>\n<th scope=\"row\">PERGUNTAS FREQUENTES<\/th>\n<td style=\"text-align: center\">E<\/td>\n<td style=\"text-align: center\">E<\/td>\n<td style=\"text-align: center\">V<\/td>\n<td style=\"text-align: center\">V<\/td>\n<td style=\"text-align: center\">V<\/td>\n<\/tr>\n<tr>\n<th scope=\"row\">EXERC\u00cdCIOS<\/th>\n<td style=\"text-align: center\">P\/E<\/td>\n<td style=\"text-align: center\">P\/E<\/td>\n<td style=\"text-align: center\">P<\/td>\n<td style=\"text-align: center\">V<\/td>\n<td style=\"text-align: center\">X<\/td>\n<\/tr>\n<tr>\n<th scope=\"row\">ENQUETES<\/th>\n<td style=\"text-align: center\">P\/E<\/td>\n<td style=\"text-align: center\">P\/E<\/td>\n<td style=\"text-align: center\">P<\/td>\n<td style=\"text-align: center\">P\/E<\/td>\n<td style=\"text-align: center\">V<\/td>\n<\/tr>\n<tr>\n<th scope=\"row\">PARADA OBRIGAT\u00d3RIA<\/th>\n<td style=\"text-align: center\">E<\/td>\n<td style=\"text-align: center\">E<\/td>\n<td style=\"text-align: center\">V<\/td>\n<td style=\"text-align: center\">V<\/td>\n<td style=\"text-align: center\">V<\/td>\n<\/tr>\n<tr>\n<th scope=\"row\">MURAL<\/th>\n<td style=\"text-align: center\">P<\/td>\n<td style=\"text-align: center\">P<\/td>\n<td style=\"text-align: center\">P<\/td>\n<td style=\"text-align: center\">P<\/td>\n<td style=\"text-align: center\">V<\/td>\n<\/tr>\n<tr>\n<th scope=\"row\">F\u00d3RUNS DE DISCUSS\u00c3O<\/th>\n<td style=\"text-align: center\">P\/E<\/td>\n<td style=\"text-align: center\">P\/E<\/td>\n<td style=\"text-align: center\">P<\/td>\n<td style=\"text-align: center\">P\/E<\/td>\n<td style=\"text-align: center\">V<\/td>\n<\/tr>\n<tr>\n<th scope=\"row\">BATE-PAPO<\/th>\n<td style=\"text-align: center\">P\/E<\/td>\n<td style=\"text-align: center\">P\/E<\/td>\n<td style=\"text-align: center\">P<\/td>\n<td style=\"text-align: center\">P<\/td>\n<td style=\"text-align: center\">V<\/td>\n<\/tr>\n<tr>\n<th scope=\"row\">CORREIO<\/th>\n<td style=\"text-align: center\">P<\/td>\n<td style=\"text-align: center\">P<\/td>\n<td style=\"text-align: center\">P<\/td>\n<td style=\"text-align: center\">P<\/td>\n<td style=\"text-align: center\">X<\/td>\n<\/tr>\n<tr>\n<th scope=\"row\">GRUPOS<\/th>\n<td style=\"text-align: center\">E<\/td>\n<td style=\"text-align: center\">E<\/td>\n<td style=\"text-align: center\">E<\/td>\n<td style=\"text-align: center\">E<\/td>\n<td style=\"text-align: center\">X<\/td>\n<\/tr>\n<tr>\n<th scope=\"row\">PERFIL<\/th>\n<td style=\"text-align: center\">P\/E<\/td>\n<td style=\"text-align: center\">P\/E<\/td>\n<td style=\"text-align: center\">P<\/td>\n<td style=\"text-align: center\">P<\/td>\n<td style=\"text-align: center\">P<\/td>\n<\/tr>\n<tr>\n<th scope=\"row\">DI\u00c1RIO DE BORDO<\/th>\n<td style=\"text-align: center\">P<\/td>\n<td style=\"text-align: center\">P<\/td>\n<td style=\"text-align: center\">P<\/td>\n<td style=\"text-align: center\">P<\/td>\n<td style=\"text-align: center\">X<\/td>\n<\/tr>\n<tr>\n<th scope=\"row\">PORTF\u00d3LIO<\/th>\n<td style=\"text-align: center\">P<\/td>\n<td style=\"text-align: center\">P<\/td>\n<td style=\"text-align: center\">P<\/td>\n<td style=\"text-align: center\">P<\/td>\n<td style=\"text-align: center\">X<\/td>\n<\/tr>\n<tr>\n<th scope=\"row\">ACESSOS<\/th>\n<td style=\"text-align: center\">V<\/td>\n<td style=\"text-align: center\">V<\/td>\n<td style=\"text-align: center\">V<\/td>\n<td style=\"text-align: center\">V<\/td>\n<td style=\"text-align: center\">X<\/td>\n<\/tr>\n<tr>\n<th scope=\"row\">INTERMAP<\/th>\n<td style=\"text-align: center\">V<\/td>\n<td style=\"text-align: center\">V<\/td>\n<td style=\"text-align: center\">V<\/td>\n<td style=\"text-align: center\">V<\/td>\n<td style=\"text-align: center\">X<\/td>\n<\/tr>\n<tr>\n<th scope=\"row\">ADMINISTRA\u00c7\u00c3O*<\/th>\n<td style=\"text-align: center\">E<\/td>\n<td style=\"text-align: center\">E<\/td>\n<td style=\"text-align: center\">X<\/td>\n<td style=\"text-align: center\">X<\/td>\n<td style=\"text-align: center\">X<\/td>\n<\/tr>\n<\/tbody>\n<\/table>\n<p>* Ferramenta dispon\u00edvel apenas para formador, coordenador e administrador.<\/p>\n<p>LEGENDA<\/p>\n<p style=\"margin-left: 40px\">P: Participa<\/p>\n<p style=\"margin-left: 40px\">E: Edita<\/p>\n<p style=\"margin-left: 40px\">V: Visualiza<\/p>\n<p style=\"margin-left: 40px\">X: Usu\u00e1rio sem permiss\u00e3o para acessar a funcionalidade oou ferramenta<\/p>\n<p style=\"margin-left: 40px\">\n","protected":false},"excerpt":{"rendered":"<p>Os participantes de um curso TelEduc podem assumir um dos seguintes pap\u00e9is: Coordenador, Formador, Aluno, Colaborador e Visitante. Os pap\u00e9is de Coordenador e Formador s\u00e3o praticamente iguais. Ambos podem gerenciar quais ferramentas ser\u00e3o utilizadas no curso, adicionar e remover participantes, alterar os pap\u00e9is dos participantes, postar materiais em todas as ferramentas e usar plenamente as &hellip; <a href=\"https:\/\/wpress-nied.nics.unicamp.br\/teleduc\/papeis-e-permissoes\/\" class=\"more-link\">Continue lendo<span class=\"screen-reader-text\"> &#8220;Pap\u00e9is e Permiss\u00f5es&#8221;<\/span><\/a><\/p>\n","protected":false},"author":1,"featured_media":0,"parent":0,"menu_order":0,"comment_status":"open","ping_status":"open","template":"","meta":{"_acf_changed":false,"footnotes":""},"class_list":["post-175","page","type-page","status-publish","hentry"],"acf":[],"_links":{"self":[{"href":"https:\/\/wpress-nied.nics.unicamp.br\/teleduc\/wp-json\/wp\/v2\/pages\/175","targetHints":{"allow":["GET"]}}],"collection":[{"href":"https:\/\/wpress-nied.nics.unicamp.br\/teleduc\/wp-json\/wp\/v2\/pages"}],"about":[{"href":"https:\/\/wpress-nied.nics.unicamp.br\/teleduc\/wp-json\/wp\/v2\/types\/page"}],"author":[{"embeddable":true,"href":"https:\/\/wpress-nied.nics.unicamp.br\/teleduc\/wp-json\/wp\/v2\/users\/1"}],"replies":[{"embeddable":true,"href":"https:\/\/wpress-nied.nics.unicamp.br\/teleduc\/wp-json\/wp\/v2\/comments?post=175"}],"version-history":[{"count":0,"href":"https:\/\/wpress-nied.nics.unicamp.br\/teleduc\/wp-json\/wp\/v2\/pages\/175\/revisions"}],"wp:attachment":[{"href":"https:\/\/wpress-nied.nics.unicamp.br\/teleduc\/wp-json\/wp\/v2\/media?parent=175"}],"curies":[{"name":"wp","href":"https:\/\/api.w.org\/{rel}","templated":true}]}}