{"id":130,"date":"2013-11-05T15:08:24","date_gmt":"2013-11-05T15:08:24","guid":{"rendered":"https:\/\/wpress-nied.nics.unicamp.br\/teleduc\/home-2\/"},"modified":"2019-02-06T14:08:07","modified_gmt":"2019-02-06T16:08:07","slug":"home-2","status":"publish","type":"page","link":"https:\/\/wpress-nied.nics.unicamp.br\/teleduc\/","title":{"rendered":"Home"},"content":{"rendered":"<p>.texto {<br \/>\n\/\/position:relative;<br \/>\n\/\/width:80%;<br \/>\n\/\/left:10%;<br \/>\n\/\/right:10%;<br \/>\n\/\/top:10px;<br \/>\nfont-weight: bold;<br \/>\n\/\/border:2px ridge;<br \/>\n\/\/border-color:#00E68A;<br \/>\n\/\/background-color:#F7F7F7;<br \/>\n}<br \/>\n.buttons {<br \/>\n\/\/position:relative;<br \/>\n\/\/top:10px;<br \/>\n\/\/left:10%;<br \/>\ntext-align:center;<\/p>\n<p>}<br \/>\n.button {<br \/>\nposition:relative;<br \/>\nmargin:20px;<br \/>\nborder-top: 1px solid #96d1f8;<br \/>\nbackground: #9dd2f5;<br \/>\nbackground: -webkit-gradient(linear, left top, left bottom, from(#38a3eb), to(#9dd2f5));<br \/>\nbackground: -webkit-linear-gradient(top, #38a3eb, #9dd2f5);<br \/>\nbackground: -moz-linear-gradient(top, #38a3eb, #9dd2f5);<br \/>\nbackground: -ms-linear-gradient(top, #38a3eb, #9dd2f5);<br \/>\nbackground: -o-linear-gradient(top, #38a3eb, #9dd2f5);<br \/>\npadding: 20px 60px;<br \/>\n-webkit-border-radius: 13px;<br \/>\n-moz-border-radius: 13px;<br \/>\nborder-radius: 13px;<br \/>\n-webkit-box-shadow: rgba(0,0,0,1) 0 1px 0;<br \/>\n-moz-box-shadow: rgba(0,0,0,1) 0 1px 0;<br \/>\nbox-shadow: rgba(0,0,0,1) 0 1px 0;<\/p>\n<p>}<br \/>\n.button:hover {<br \/>\nborder-top-color: #71b5e3;<br \/>\nbackground: #71b5e3;<br \/>\ncolor: #ffffff;<br \/>\n}<\/p>\n<div class=\"texto\">\n<p>Bem-vindo ao site do TelEduc! O TelEduc \u00e9 um ambiente de <em>e-learning<\/em> para a cria\u00e7\u00e3o, participa\u00e7\u00e3o e administra\u00e7\u00e3o de cursos na Web. \u00c9 um ambiente enxuto, aberto e gratuito. <a href=\"url]?q=downloads\">Fa\u00e7a o download aqui<\/a>.<\/p>\n<\/div>\n<div class=\"buttons\"><a href=\"url]?q=content\/tutoriais\"><button class=\"button\"><img decoding=\"async\" src=\"file_public_path]\/pictures\/usar.png\" align=\"top\" \/><\/button><\/a> <a href=\"url]?q=downloads\"><button class=\"button\"><img decoding=\"async\" src=\"file_public_path]\/pictures\/downloads.png\" align=\"top\" \/><\/button><\/a><\/div>\n<div class=\"buttons\"><a href=\"url]?q=download-desenvolvimento\"><button class=\"button\"><img decoding=\"async\" src=\"file_public_path]\/pictures\/desenvolver.png\" align=\"top\" \/><\/button><\/a> <a href=\"url]?q=criar-curso\"><button class=\"button\"><img decoding=\"async\" src=\"file_public_path]\/pictures\/hospedagem.png\" align=\"top\" \/><\/button><\/a><\/div>\n","protected":false},"excerpt":{"rendered":"<p>.texto { \/\/position:relative; \/\/width:80%; \/\/left:10%; \/\/right:10%; \/\/top:10px; font-weight: bold; \/\/border:2px ridge; \/\/border-color:#00E68A; \/\/background-color:#F7F7F7; } .buttons { \/\/position:relative; \/\/top:10px; \/\/left:10%; text-align:center; } .button { position:relative; margin:20px; border-top: 1px solid #96d1f8; background: #9dd2f5; background: -webkit-gradient(linear, left top, left bottom, from(#38a3eb), to(#9dd2f5)); background: -webkit-linear-gradient(top, #38a3eb, #9dd2f5); background: -moz-linear-gradient(top, #38a3eb, #9dd2f5); background: -ms-linear-gradient(top, #38a3eb, #9dd2f5); background: -o-linear-gradient(top, #38a3eb, #9dd2f5); &hellip; <a href=\"https:\/\/wpress-nied.nics.unicamp.br\/teleduc\/\" class=\"more-link\">Continue lendo<span class=\"screen-reader-text\"> &#8220;Home&#8221;<\/span><\/a><\/p>\n","protected":false},"author":1,"featured_media":0,"parent":0,"menu_order":0,"comment_status":"open","ping_status":"open","template":"page-home.php","meta":{"_acf_changed":false,"footnotes":""},"class_list":["post-130","page","type-page","status-publish","hentry"],"acf":[],"_links":{"self":[{"href":"https:\/\/wpress-nied.nics.unicamp.br\/teleduc\/wp-json\/wp\/v2\/pages\/130","targetHints":{"allow":["GET"]}}],"collection":[{"href":"https:\/\/wpress-nied.nics.unicamp.br\/teleduc\/wp-json\/wp\/v2\/pages"}],"about":[{"href":"https:\/\/wpress-nied.nics.unicamp.br\/teleduc\/wp-json\/wp\/v2\/types\/page"}],"author":[{"embeddable":true,"href":"https:\/\/wpress-nied.nics.unicamp.br\/teleduc\/wp-json\/wp\/v2\/users\/1"}],"replies":[{"embeddable":true,"href":"https:\/\/wpress-nied.nics.unicamp.br\/teleduc\/wp-json\/wp\/v2\/comments?post=130"}],"version-history":[{"count":1,"href":"https:\/\/wpress-nied.nics.unicamp.br\/teleduc\/wp-json\/wp\/v2\/pages\/130\/revisions"}],"predecessor-version":[{"id":875,"href":"https:\/\/wpress-nied.nics.unicamp.br\/teleduc\/wp-json\/wp\/v2\/pages\/130\/revisions\/875"}],"wp:attachment":[{"href":"https:\/\/wpress-nied.nics.unicamp.br\/teleduc\/wp-json\/wp\/v2\/media?parent=130"}],"curies":[{"name":"wp","href":"https:\/\/api.w.org\/{rel}","templated":true}]}}